{"id":92,"date":"2014-09-19T09:55:30","date_gmt":"2014-09-19T09:55:30","guid":{"rendered":"http:\/\/tierarztpraxis-homburg.de\/?page_id=92"},"modified":"2026-04-20T15:22:48","modified_gmt":"2026-04-20T15:22:48","slug":"startseite-2","status":"publish","type":"page","link":"https:\/\/tierarztpraxis-homburg.de\/","title":{"rendered":"Startseite"},"content":{"rendered":"\n<p><\/p>\n\n\n\n<p><\/p>\n\n\n\n<p><\/p>\n\n\n\n<h2 class=\"wp-block-heading has-text-align-center\">Herzlich willkommen in der<\/h2>\n\n\n\n<h1 class=\"wp-block-heading has-text-align-center\"><span style=\"color: #800000\"><strong>Kleintierpraxis Dr. A. v. Rauchhaupt<\/strong>.<\/span><\/h1>\n\n\n\n<figure class=\"wp-block-gallery has-nested-images columns-default is-cropped wp-block-gallery-1 is-layout-flex wp-block-gallery-is-layout-flex\">\n<figure class=\"wp-block-image size-large\"><a href=\"\/wp-content\/uploads\/2024\/10\/IMG_8383-scaled.jpg\"><img loading=\"lazy\" decoding=\"async\" width=\"1024\" height=\"682\" data-id=\"1154\" src=\"\/wp-content\/uploads\/2024\/10\/IMG_8383-1024x682.jpg\" alt=\"\" class=\"wp-image-1154\" srcset=\"https:\/\/tierarztpraxis-homburg.de\/wp-content\/uploads\/2024\/10\/IMG_8383-1024x682.jpg 1024w, https:\/\/tierarztpraxis-homburg.de\/wp-content\/uploads\/2024\/10\/IMG_8383-300x200.jpg 300w, https:\/\/tierarztpraxis-homburg.de\/wp-content\/uploads\/2024\/10\/IMG_8383-768x511.jpg 768w, https:\/\/tierarztpraxis-homburg.de\/wp-content\/uploads\/2024\/10\/IMG_8383-1536x1023.jpg 1536w, https:\/\/tierarztpraxis-homburg.de\/wp-content\/uploads\/2024\/10\/IMG_8383-2048x1364.jpg 2048w\" sizes=\"auto, (max-width: 1024px) 100vw, 1024px\" \/><\/a><\/figure>\n<\/figure>\n\n\n\n<p><\/p>\n\n\n\n<p><\/p>\n\n\n\n<h2 class=\"wp-block-heading has-text-align-center\">Sie suchen kompetente tiermedizinische Beratung (16 Jahre Klinikerfahrung), <br>kombiniert mit &#8222;tierischem&#8220; Einf\u00fchlungsverm\u00f6gen?<\/h2>\n\n\n\n<h2 class=\"wp-block-heading has-text-align-center\">Dann treten Sie ein, denn hier befindet sich<\/h2>\n\n\n\n<h1 class=\"wp-block-heading has-text-align-center\"><span style=\"color: #800000\"><em><strong>&#8222;Ihr Tier in guten H\u00e4nden&#8220;<\/strong><\/em>.<\/span><\/h1>\n\n\n\n<h2 class=\"wp-block-heading has-text-align-center\">Aus verschiedenen Perspektiven betrachtet,<br>mit Aufmerksamkeit, Respekt und Geduld behandelt<br>so soll sich jedes Tier bei mir wohl f\u00fchlen.<\/h2>\n\n\n\n<h1 class=\"wp-block-heading has-text-align-center\"><span data-offset-key=\"24qnp-0-0\" style=\"color: #ff0000\"><span data-text=\"true\"><a href=\"http:\/\/tierarztpraxis-homburg.de\/?page_id=646\"><span id=\"yui_3_16_0_ym19_1_1472451423002_38400\" style=\"text-decoration: underline\"><b id=\"yui_3_16_0_ym19_1_1472451423002_38399\">Service Plus f\u00fcr Katzen<\/b><\/span><\/a><br><\/span><\/span><\/h1>\n","protected":false},"excerpt":{"rendered":"<p>Herzlich willkommen in der Kleintierpraxis Dr. A. v. Rauchhaupt. Sie suchen kompetente tiermedizinische Beratung (16 Jahre Klinikerfahrung), kombiniert mit &#8222;tierischem&#8220; Einf\u00fchlungsverm\u00f6gen? Dann treten Sie ein, denn hier befindet sich &#8222;Ihr Tier in guten H\u00e4nden&#8220;. Aus verschiedenen Perspektiven betrachtet,mit Aufmerksamkeit, Respekt und Geduld behandeltso soll sich jedes Tier bei mir wohl f\u00fchlen. Service Plus f\u00fcr Katzen<\/p>\n","protected":false},"author":1,"featured_media":1031,"parent":0,"menu_order":0,"comment_status":"closed","ping_status":"closed","template":"","meta":{"footnotes":""},"class_list":["post-92","page","type-page","status-publish","has-post-thumbnail","hentry","entry","has-media"],"_links":{"self":[{"href":"https:\/\/tierarztpraxis-homburg.de\/index.php?rest_route=\/wp\/v2\/pages\/92","targetHints":{"allow":["GET"]}}],"collection":[{"href":"https:\/\/tierarztpraxis-homburg.de\/index.php?rest_route=\/wp\/v2\/pages"}],"about":[{"href":"https:\/\/tierarztpraxis-homburg.de\/index.php?rest_route=\/wp\/v2\/types\/page"}],"author":[{"embeddable":true,"href":"https:\/\/tierarztpraxis-homburg.de\/index.php?rest_route=\/wp\/v2\/users\/1"}],"replies":[{"embeddable":true,"href":"https:\/\/tierarztpraxis-homburg.de\/index.php?rest_route=%2Fwp%2Fv2%2Fcomments&post=92"}],"version-history":[{"count":1,"href":"https:\/\/tierarztpraxis-homburg.de\/index.php?rest_route=\/wp\/v2\/pages\/92\/revisions"}],"predecessor-version":[{"id":1210,"href":"https:\/\/tierarztpraxis-homburg.de\/index.php?rest_route=\/wp\/v2\/pages\/92\/revisions\/1210"}],"wp:featuredmedia":[{"embeddable":true,"href":"https:\/\/tierarztpraxis-homburg.de\/index.php?rest_route=\/wp\/v2\/media\/1031"}],"wp:attachment":[{"href":"https:\/\/tierarztpraxis-homburg.de\/index.php?rest_route=%2Fwp%2Fv2%2Fmedia&parent=92"}],"curies":[{"name":"wp","href":"https:\/\/api.w.org\/{rel}","templated":true}]}}