{"id":96,"date":"2014-09-19T10:05:21","date_gmt":"2014-09-19T10:05:21","guid":{"rendered":"http:\/\/tierarztpraxis-homburg.de\/?page_id=96"},"modified":"2023-04-24T07:45:42","modified_gmt":"2023-04-24T07:45:42","slug":"notdienst","status":"publish","type":"page","link":"http:\/\/tierarztpraxis-homburg.de\/?page_id=96","title":{"rendered":"Notf\u00e4lle, Notdienst"},"content":{"rendered":"<div style=\"text-align: justify;\">Bitte k\u00fcndigen Sie Ihren Notfall auch w\u00e4hrend der Sprechzeiten unter <span style=\"color: #ff0000; white-space: nowrap;\">06841 \/ 58 57<\/span> an. Notf\u00e4lle werden bevorzugt behandelt, so dass es im weiteren Verlauf zu Wartezeiten kommen kann. Bitte haben Sie daf\u00fcr Verst\u00e4ndinis, denn es k\u00f6nnte einmal Ihr Tier sein, dass sich in einer solchen Situation befindet.<\/div>\n<p>\u00dcber diesen<a title=\"Notdienst\" href=\"http:\/\/www.tierarzt-saar.de\/\" target=\"_blank\" rel=\"noopener\"> Link<\/a> kommen Sie zu dem in dieser Woche diensthabenden Notdienst.<br \/>\nBei lebensbedrohlichen Notf\u00e4lle fahren Sie bitte direkt zur Tierklinik Elversberg (www.tierklinik-elversberg.de).<\/p>\n","protected":false},"excerpt":{"rendered":"<p>Bitte k\u00fcndigen Sie Ihren Notfall auch w\u00e4hrend der Sprechzeiten unter 06841 \/ 58 57 an. Notf\u00e4lle werden bevorzugt behandelt, so dass es im weiteren Verlauf zu Wartezeiten kommen kann. Bitte haben Sie daf\u00fcr Verst\u00e4ndinis, denn es k\u00f6nnte einmal Ihr Tier sein, dass sich in einer solchen Situation befindet. \u00dcber diesen Link kommen Sie zu dem [&hellip;]<\/p>\n","protected":false},"author":1,"featured_media":0,"parent":0,"menu_order":0,"comment_status":"closed","ping_status":"closed","template":"","meta":{"footnotes":""},"class_list":["post-96","page","type-page","status-publish","hentry","entry"],"_links":{"self":[{"href":"http:\/\/tierarztpraxis-homburg.de\/index.php?rest_route=\/wp\/v2\/pages\/96","targetHints":{"allow":["GET"]}}],"collection":[{"href":"http:\/\/tierarztpraxis-homburg.de\/index.php?rest_route=\/wp\/v2\/pages"}],"about":[{"href":"http:\/\/tierarztpraxis-homburg.de\/index.php?rest_route=\/wp\/v2\/types\/page"}],"author":[{"embeddable":true,"href":"http:\/\/tierarztpraxis-homburg.de\/index.php?rest_route=\/wp\/v2\/users\/1"}],"replies":[{"embeddable":true,"href":"http:\/\/tierarztpraxis-homburg.de\/index.php?rest_route=%2Fwp%2Fv2%2Fcomments&post=96"}],"version-history":[{"count":14,"href":"http:\/\/tierarztpraxis-homburg.de\/index.php?rest_route=\/wp\/v2\/pages\/96\/revisions"}],"predecessor-version":[{"id":1128,"href":"http:\/\/tierarztpraxis-homburg.de\/index.php?rest_route=\/wp\/v2\/pages\/96\/revisions\/1128"}],"wp:attachment":[{"href":"http:\/\/tierarztpraxis-homburg.de\/index.php?rest_route=%2Fwp%2Fv2%2Fmedia&parent=96"}],"curies":[{"name":"wp","href":"https:\/\/api.w.org\/{rel}","templated":true}]}}