{"id":53,"date":"2014-09-18T15:53:04","date_gmt":"2014-09-18T15:53:04","guid":{"rendered":"http:\/\/tierarztpraxis-homburg.de\/?page_id=53"},"modified":"2024-10-25T08:38:02","modified_gmt":"2024-10-25T08:38:02","slug":"team","status":"publish","type":"page","link":"http:\/\/tierarztpraxis-homburg.de\/?page_id=53","title":{"rendered":"Team"},"content":{"rendered":"<p>Unser Team besteht aus<\/p>\n<p style=\"text-align: justify;\">\u00a0<strong>Dr. Astrid von Rauchhaupt<\/strong><\/p>\n<p style=\"text-align: justify;\">Geboren und aufgewachsen bin ich im sch\u00f6nen Mittelfranken. Zum Studium verschlug es mich nach Gie\u00dfen. Der n\u00e4chste Weg f\u00fchrte mich in die Tierklinik Wiesbaden, in der ich mich schnell zur leitenden Tier\u00e4rztin im Kleintierbereich hocharbeitete. Hier deckte ich alle Sparten der Tiermedizin ab &#8211; Chirurgie mit Orthop\u00e4die, Internistik (das Detektivspiel der Medizin) und Gyn\u00e4kologie (Kaiserschnitte, Geburtsbetreuung). Besonders angetan hatten es mir damals schon die kleinen Heimtiere wie Kaninchen und Meerschweinchen. Parallel arbeitete ich noch im BSE-Labor und schrieb meine Doktorarbeit.<\/p>\n<p style=\"text-align: justify;\">Die Klinik verlie\u00df ich nach fast 16 Jahren um mich nun in Homburg Ihren\u00a0Klein- und Heimtieren zu widmen.<\/p>\n<p>Privat reite und fahre ich Haflinger, die zum Teil selbst gezogen sind.<\/p>\n<p style=\"text-align: justify;\"><a style=\"pointer-events: none;\" href=\"http:\/\/tierarztpraxis-homburg.de\/wp-content\/uploads\/2024\/10\/20241025_093130-scaled.jpg\"><img loading=\"lazy\" decoding=\"async\" class=\"aligncenter wp-image-1153 size-medium\" src=\"http:\/\/tierarztpraxis-homburg.de\/wp-content\/uploads\/2024\/10\/20241025_093130-156x300.jpg\" alt=\"\" width=\"156\" height=\"300\" srcset=\"http:\/\/tierarztpraxis-homburg.de\/wp-content\/uploads\/2024\/10\/20241025_093130-156x300.jpg 156w, http:\/\/tierarztpraxis-homburg.de\/wp-content\/uploads\/2024\/10\/20241025_093130-533x1024.jpg 533w, http:\/\/tierarztpraxis-homburg.de\/wp-content\/uploads\/2024\/10\/20241025_093130-768x1476.jpg 768w, http:\/\/tierarztpraxis-homburg.de\/wp-content\/uploads\/2024\/10\/20241025_093130-799x1536.jpg 799w, http:\/\/tierarztpraxis-homburg.de\/wp-content\/uploads\/2024\/10\/20241025_093130-1065x2048.jpg 1065w, http:\/\/tierarztpraxis-homburg.de\/wp-content\/uploads\/2024\/10\/20241025_093130-scaled.jpg 1332w\" sizes=\"auto, (max-width: 156px) 100vw, 156px\" \/><\/a><\/p>\n<p>\u00a0<\/p>\n<p><strong>Tanja Bohlander<\/strong><\/p>\n<p>Ich arbeite seit 2001 in dieser Praxis, habe auch schon meine Ausbildung zur Tierarzthelferin erfolgreich hier absolviert. Privat teile ich meine kleine Villa Kunterbunt mit zwei Hunden, zwei kleinen Papageien, drei Schafen, vier Frettchen, zwei Lamas und nat\u00fcrlich von Zeit zu Zeit einigen Pfleglingen. Au\u00dfer einem meiner Hunde sind alle meine Tiere Abgabetiere mit kleinen &#8222;M\u00e4ngeln&#8220;.<\/p>\n<p><a style=\"pointer-events: none;\" href=\"http:\/\/tierarztpraxis-homburg.de\/wp-content\/uploads\/2024\/10\/20241025_092713-scaled.jpg\"><img loading=\"lazy\" decoding=\"async\" class=\"aligncenter wp-image-1151 size-thumbnail\" src=\"http:\/\/tierarztpraxis-homburg.de\/wp-content\/uploads\/2024\/10\/20241025_092713-150x150.jpg\" alt=\"\" width=\"150\" height=\"150\" srcset=\"http:\/\/tierarztpraxis-homburg.de\/wp-content\/uploads\/2024\/10\/20241025_092713-150x150.jpg 150w, http:\/\/tierarztpraxis-homburg.de\/wp-content\/uploads\/2024\/10\/20241025_092713-600x600.jpg 600w\" sizes=\"auto, (max-width: 150px) 100vw, 150px\" \/><\/a><\/p>\n\n\n<p><strong>Tina Schramm<\/strong><\/p>\n\n\n\n<p>Es war schon immer mein Traum mit Tieren zu arbeiten. Ich machte diverse Aus- und Weiterbildungen und er\u00f6ffnete 2015 eine Hundeschule f\u00fcr Mantrailing. Einen Gro\u00dfteil meiner Freizeit verbringe ich mit ausgedehnten Spazierg\u00e4ngen mit meinen Hunden. <\/p>\n\n\n<div class=\"wp-block-image is-style-rounded\">\n<figure class=\"aligncenter size-thumbnail is-resized\"><a href=\"http:\/\/tierarztpraxis-homburg.de\/wp-content\/uploads\/2024\/10\/20241025_092459-scaled.jpg\"><img loading=\"lazy\" decoding=\"async\" src=\"http:\/\/tierarztpraxis-homburg.de\/wp-content\/uploads\/2024\/10\/20241025_092459-150x150.jpg\" alt=\"\" class=\"wp-image-1150\" width=\"150\" height=\"150\" srcset=\"http:\/\/tierarztpraxis-homburg.de\/wp-content\/uploads\/2024\/10\/20241025_092459-150x150.jpg 150w, http:\/\/tierarztpraxis-homburg.de\/wp-content\/uploads\/2024\/10\/20241025_092459-600x600.jpg 600w\" sizes=\"auto, (max-width: 150px) 100vw, 150px\" \/><\/a><\/figure>\n<\/div>\n\n\n<p>Ich freue mich, dass mir im April 2021 der Quereinstieg hier in die Praxis erm\u00f6glicht wurde.<\/p>\n\n\n\n<p><strong>Lena Sch\u00f6neck<\/strong><\/p>\n\n\n\n<p>Ich bin Lena und mache in der Praxis meine Ausbildung zur Tiermedizinischen Fachangestellten.<\/p>\n\n\n<div class=\"wp-block-image\">\n<figure class=\"aligncenter size-medium is-resized\"><a href=\"http:\/\/tierarztpraxis-homburg.de\/wp-content\/uploads\/2024\/10\/20241025_092744-scaled.jpg\"><img loading=\"lazy\" decoding=\"async\" src=\"http:\/\/tierarztpraxis-homburg.de\/wp-content\/uploads\/2024\/10\/20241025_092744-175x300.jpg\" alt=\"\" class=\"wp-image-1152\" width=\"119\" height=\"204\" srcset=\"http:\/\/tierarztpraxis-homburg.de\/wp-content\/uploads\/2024\/10\/20241025_092744-175x300.jpg 175w, http:\/\/tierarztpraxis-homburg.de\/wp-content\/uploads\/2024\/10\/20241025_092744-599x1024.jpg 599w, http:\/\/tierarztpraxis-homburg.de\/wp-content\/uploads\/2024\/10\/20241025_092744-768x1314.jpg 768w, http:\/\/tierarztpraxis-homburg.de\/wp-content\/uploads\/2024\/10\/20241025_092744-898x1536.jpg 898w, http:\/\/tierarztpraxis-homburg.de\/wp-content\/uploads\/2024\/10\/20241025_092744-1197x2048.jpg 1197w, http:\/\/tierarztpraxis-homburg.de\/wp-content\/uploads\/2024\/10\/20241025_092744-scaled.jpg 1496w\" sizes=\"auto, (max-width: 119px) 100vw, 119px\" \/><\/a><\/figure>\n<\/div>","protected":false},"excerpt":{"rendered":"<p>Unser Team besteht aus \u00a0Dr. Astrid von Rauchhaupt Geboren und aufgewachsen bin ich im sch\u00f6nen Mittelfranken. Zum Studium verschlug es mich nach Gie\u00dfen. Der n\u00e4chste Weg f\u00fchrte mich in die Tierklinik Wiesbaden, in der ich mich schnell zur leitenden Tier\u00e4rztin im Kleintierbereich hocharbeitete. Hier deckte ich alle Sparten der Tiermedizin ab &#8211; Chirurgie mit Orthop\u00e4die, [&hellip;]<\/p>\n","protected":false},"author":1,"featured_media":0,"parent":0,"menu_order":0,"comment_status":"closed","ping_status":"closed","template":"full-width-page.php","meta":{"footnotes":""},"class_list":["post-53","page","type-page","status-publish","hentry","entry"],"_links":{"self":[{"href":"http:\/\/tierarztpraxis-homburg.de\/index.php?rest_route=\/wp\/v2\/pages\/53","targetHints":{"allow":["GET"]}}],"collection":[{"href":"http:\/\/tierarztpraxis-homburg.de\/index.php?rest_route=\/wp\/v2\/pages"}],"about":[{"href":"http:\/\/tierarztpraxis-homburg.de\/index.php?rest_route=\/wp\/v2\/types\/page"}],"author":[{"embeddable":true,"href":"http:\/\/tierarztpraxis-homburg.de\/index.php?rest_route=\/wp\/v2\/users\/1"}],"replies":[{"embeddable":true,"href":"http:\/\/tierarztpraxis-homburg.de\/index.php?rest_route=%2Fwp%2Fv2%2Fcomments&post=53"}],"version-history":[{"count":34,"href":"http:\/\/tierarztpraxis-homburg.de\/index.php?rest_route=\/wp\/v2\/pages\/53\/revisions"}],"predecessor-version":[{"id":1163,"href":"http:\/\/tierarztpraxis-homburg.de\/index.php?rest_route=\/wp\/v2\/pages\/53\/revisions\/1163"}],"wp:attachment":[{"href":"http:\/\/tierarztpraxis-homburg.de\/index.php?rest_route=%2Fwp%2Fv2%2Fmedia&parent=53"}],"curies":[{"name":"wp","href":"https:\/\/api.w.org\/{rel}","templated":true}]}}