{"id":34,"date":"2014-09-18T12:59:39","date_gmt":"2014-09-18T12:59:39","guid":{"rendered":"http:\/\/tierarztpraxis-homburg.de\/?page_id=34"},"modified":"2021-12-02T14:01:31","modified_gmt":"2021-12-02T14:01:31","slug":"leistungen","status":"publish","type":"page","link":"http:\/\/tierarztpraxis-homburg.de\/?page_id=34","title":{"rendered":"Leistungen"},"content":{"rendered":"<ul>\n<li>Kurative Praxis\n<ul>\n<li>Sprechstunde mit Beratung zu allen Bereichen von Kleintiererkrankungen und der modernen Kleintierhaltung\n<ul>\n<li>Impfungen<\/li>\n<li>EU-Heimtierausweis<\/li>\n<li>Microchip- und Hormonchipimplantation<\/li>\n<\/ul>\n<\/li>\n<li><a title=\"Ganzheitliche Therapieans\u00e4tze\" href=\"http:\/\/tierarztpraxis-homburg.de\/?page_id=588\">Ganzheitliche Therapieans\u00e4tze<\/a><\/li>\n<li>Magnetfeldtherapie mit dem neuesten Ansatz (Centropix)<\/li>\n<\/ul>\n<\/li>\n<\/ul>\n<ul>\n<li>Chirurgie\n<ul>\n<li>Weichteilchirurgie (incl. Thoraxchirurgie)<\/li>\n<li>Bauchh\u00f6hlenchirurgie (incl. Darmresektion, Magendrehung)<\/li>\n<li>Gyn\u00e4kologische Chirurgie (incl. Kaiserschnitte)<\/li>\n<li>Tumorchirurgie ohne Chemotherapie<\/li>\n<li>Mund-Kieferchirurgie<\/li>\n<li>Frakturversorgung (Minimalosteosynthese)<\/li>\n<li>allgemeine orthop\u00e4dische Chirurgie<\/li>\n<li>allgemeine Augenchirurgie<\/li>\n<li>Inhalationsnarkose (schonende Narkoseform mit Narkosegas und Beatmung, auch f\u00fcr Kaninchen und Meerschweinchen)<\/li>\n<\/ul>\n<\/li>\n<\/ul>\n<ul>\n<li>Innere Medizin\n<ul>\n<li>allgemeine Innere Medizin<\/li>\n<li>Gastroenterologie<\/li>\n<li>Endokrinologie (z.B. Diabetes, Schilddr\u00fcsenunter- und -\u00fcberfunktion)<\/li>\n<li>Dermatologie<\/li>\n<\/ul>\n<\/li>\n<\/ul>\n<ul>\n<li>Praxiseigenes Labor\n<ul>\n<li>Blutbild und Organwerte<\/li>\n<li>Tests auf Infektionskrankheiten (z.B. FeLV)<\/li>\n<li>Harn- und Kotuntersuchung<\/li>\n<li>Zytologie<\/li>\n<li>Histologien \/ Gewebeproben werden extern von einem spezialisierten Pathologen untersucht<\/li>\n<li>Speziallaboruntersuchungen \u00fcbernimmt ein Gro\u00dflabor preiswert und schnell mit eigenem Kurierdienst und elektronischer \u00dcbermittlung der Befunde<\/li>\n<\/ul>\n<\/li>\n<\/ul>\n<ul>\n<li>Bildgebende Diagnostik\n<ul>\n<li>digitales R\u00f6ntgen<\/li>\n<li>Ultraschall<\/li>\n<\/ul>\n<\/li>\n<\/ul>\n<ul>\n<li>Zahnbehandlungen (Zahnsteinentfernung, Zahnextraktion, FORL-Behandlung, digitales Zahnr\u00f6ntgen)<\/li>\n<\/ul>\n<ul>\n<li>Hausbesuche nach Vereinbarung<\/li>\n<\/ul>\n","protected":false},"excerpt":{"rendered":"<p>Kurative Praxis Sprechstunde mit Beratung zu allen Bereichen von Kleintiererkrankungen und der modernen Kleintierhaltung Impfungen EU-Heimtierausweis Microchip- und Hormonchipimplantation Ganzheitliche Therapieans\u00e4tze Magnetfeldtherapie mit dem neuesten Ansatz (Centropix) Chirurgie Weichteilchirurgie (incl. Thoraxchirurgie) Bauchh\u00f6hlenchirurgie (incl. Darmresektion, Magendrehung) Gyn\u00e4kologische Chirurgie (incl. Kaiserschnitte) Tumorchirurgie ohne Chemotherapie Mund-Kieferchirurgie Frakturversorgung (Minimalosteosynthese) allgemeine orthop\u00e4dische Chirurgie allgemeine Augenchirurgie Inhalationsnarkose (schonende Narkoseform mit Narkosegas [&hellip;]<\/p>\n","protected":false},"author":1,"featured_media":0,"parent":0,"menu_order":0,"comment_status":"closed","ping_status":"closed","template":"full-width-page.php","meta":{"footnotes":""},"class_list":["post-34","page","type-page","status-publish","hentry","entry"],"_links":{"self":[{"href":"http:\/\/tierarztpraxis-homburg.de\/index.php?rest_route=\/wp\/v2\/pages\/34","targetHints":{"allow":["GET"]}}],"collection":[{"href":"http:\/\/tierarztpraxis-homburg.de\/index.php?rest_route=\/wp\/v2\/pages"}],"about":[{"href":"http:\/\/tierarztpraxis-homburg.de\/index.php?rest_route=\/wp\/v2\/types\/page"}],"author":[{"embeddable":true,"href":"http:\/\/tierarztpraxis-homburg.de\/index.php?rest_route=\/wp\/v2\/users\/1"}],"replies":[{"embeddable":true,"href":"http:\/\/tierarztpraxis-homburg.de\/index.php?rest_route=%2Fwp%2Fv2%2Fcomments&post=34"}],"version-history":[{"count":13,"href":"http:\/\/tierarztpraxis-homburg.de\/index.php?rest_route=\/wp\/v2\/pages\/34\/revisions"}],"predecessor-version":[{"id":1012,"href":"http:\/\/tierarztpraxis-homburg.de\/index.php?rest_route=\/wp\/v2\/pages\/34\/revisions\/1012"}],"wp:attachment":[{"href":"http:\/\/tierarztpraxis-homburg.de\/index.php?rest_route=%2Fwp%2Fv2%2Fmedia&parent=34"}],"curies":[{"name":"wp","href":"https:\/\/api.w.org\/{rel}","templated":true}]}}